{"id":203,"date":"2017-10-10T19:16:57","date_gmt":"2017-10-10T17:16:57","guid":{"rendered":"http:\/\/beratung-melching.de\/?page_id=203"},"modified":"2025-07-02T14:54:12","modified_gmt":"2025-07-02T12:54:12","slug":"arbeitsweise-2","status":"publish","type":"page","link":"https:\/\/beratung-melching.de\/?page_id=203","title":{"rendered":"Arbeitsweise"},"content":{"rendered":"<div class=\"entry-content\">\n<p><span style=\"color: #003366;\">Mein Arbeitsansatz basiert grunds\u00e4tzlich auf einem sehr undogmatischen, den einzelnen Menschen in seiner\/ihrer Individualit\u00e4t wahrnehmenden, ressourcenorientierten Blick auf meine Klient*innen.<\/p>\n<p>Mein Fokus liegt vor allem auf Ihrem aktuellen Unterst\u00fctzungsbedarf bzw. dem Arbeitsziel, welches wir gemeinsam formulieren und ggfs. auch im Verlauf der Arbeit anpassen k\u00f6nnen.<\/span><\/p>\n<p><span style=\"color: #003366;\">Der systemische Ansatz entspricht grunds\u00e4tzlich meinem Menschenbild, Verst\u00e4ndnis von zwischenmenschlichen Dynamiken und der Wechselwirkung auf unsere psychische Entwicklung und bietet gleichzeitig hoch wirksame, sehr flexible und nachhaltige &#8222;Werkzeuge&#8220;, um Belastungen oder St\u00f6rungen bearbeiten und aufl\u00f6sen zu k\u00f6nnen.<br \/>\n<\/span><br \/>\n<span style=\"color: #003366;\">Meine Psychoonkologische Ausbildung erg\u00e4nzt sich damit sehr gut und daher hat in dieser Arbeit die Ber\u00fccksichtigung der Wechselwirkungen auch innerhalb des jeweils betroffenen &#8222;sozialen Systems&#8220; einen entsprechend hohen Stellenwert.<\/span><br \/>\n<span style=\"color: #003366;\"> Selbstverst\u00e4ndlich ist meine Arbeitsweise nicht nur durch diese Ausbildungen gepr\u00e4gt, sondern kann ich auf sehr unterschiedliche &#8222;Werkzeuge&#8220; und Erkenntnisse unterschiedlicher Fachrichtungen und \u201epsychologischer Schulen\u201c, permanente Weiterbildung,\u00a0 sowie vielschichtige Erfahrungen zur\u00fcckgreifen.<\/span><\/p>\n<p><span style=\"text-decoration: underline; color: #003366;\">Was Sie von mir erwarten k\u00f6nnen:<\/span><\/p>\n<ul>\n<li><span style=\"color: #003366;\">Engagierte und nur an Ihrem individuellen Auftrag und Ziel orientierte Arbeit;<br \/>\n<\/span><\/li>\n<li><span style=\"color: #003366;\">Eine undogmatische, offene, interessierte und empathische Grundhaltung;<\/span><\/li>\n<li><span style=\"color: #003366;\">&#8222;Unerschrockenheit&#8220; und Klarheit auch bei sehr komplexen oder \u201eharten\u201c Themenlagen, ob im privaten oder beruflichen Kontext;<\/span><\/li>\n<li><span style=\"color: #003366;\">Einen mitf\u00fchlenden, aber auch pragmatischen und humorvollen Blick;<\/span><\/li>\n<li><span style=\"color: #003366;\">Respektvollen, wertsch\u00e4tzenden Umgang mit Ihren und meinen Grenzen;<\/span><\/li>\n<li><span style=\"color: #003366;\">Selbstverst\u00e4ndliche Akzeptanz diverser Lebens-und Liebeskonzepte;<\/span><\/li>\n<li><span style=\"color: #003366;\">Zusammenarbeit nur, wenn mein Angebot, meine Kompetenzen und aktuellen\u00a0<\/span><br \/>\n<span style=\"color: #003366;\">Kapazit\u00e4ten Ihrem Anliegen gerecht werden k\u00f6nnen;<\/span><\/li>\n<li><span style=\"color: #003366;\">Bei Paaren \/Familien \/ Teams jeweils gr\u00f6\u00dftm\u00f6gliche Allparteilichkeit;<\/span><\/li>\n<li><span style=\"color: #003366;\">Bedarfsorientierte Flexibilit\u00e4t bei der Taktung und inhaltlichen Ausrichtung unserer Sitzungen;<br \/>\n<\/span><\/li>\n<li><span style=\"color: #003366;\">Einen hohen Anspruch an meine professionelle Qualit\u00e4t<\/span><\/li>\n<li>Obwohl es selbstverst\u00e4ndlich ist: absolute Diskretion und Wahrung der Schweigepflicht!<\/li>\n<\/ul>\n<\/div>\n","protected":false},"excerpt":{"rendered":"<p>Mein Arbeitsansatz basiert grunds\u00e4tzlich auf einem sehr undogmatischen, den einzelnen Menschen in seiner\/ihrer Individualit\u00e4t wahrnehmenden, ressourcenorientierten Blick auf meine Klient*innen. Mein Fokus liegt vor allem auf Ihrem aktuellen Unterst\u00fctzungsbedarf bzw. dem Arbeitsziel, welches wir gemeinsam formulieren und ggfs. auch im Verlauf der Arbeit anpassen k\u00f6nnen. Der systemische Ansatz entspricht grunds\u00e4tzlich meinem Menschenbild, Verst\u00e4ndnis von zwischenmenschlichen &hellip; <\/p>\n<p class=\"link-more\"><a href=\"https:\/\/beratung-melching.de\/?page_id=203\" class=\"more-link\"><span class=\"screen-reader-text\">\u201eArbeitsweise\u201c <\/span>weiterlesen<\/a><\/p>\n","protected":false},"author":1,"featured_media":0,"parent":0,"menu_order":0,"comment_status":"closed","ping_status":"closed","template":"","meta":{"footnotes":""},"_links":{"self":[{"href":"https:\/\/beratung-melching.de\/index.php?rest_route=\/wp\/v2\/pages\/203"}],"collection":[{"href":"https:\/\/beratung-melching.de\/index.php?rest_route=\/wp\/v2\/pages"}],"about":[{"href":"https:\/\/beratung-melching.de\/index.php?rest_route=\/wp\/v2\/types\/page"}],"author":[{"embeddable":true,"href":"https:\/\/beratung-melching.de\/index.php?rest_route=\/wp\/v2\/users\/1"}],"replies":[{"embeddable":true,"href":"https:\/\/beratung-melching.de\/index.php?rest_route=%2Fwp%2Fv2%2Fcomments&post=203"}],"version-history":[{"count":12,"href":"https:\/\/beratung-melching.de\/index.php?rest_route=\/wp\/v2\/pages\/203\/revisions"}],"predecessor-version":[{"id":453,"href":"https:\/\/beratung-melching.de\/index.php?rest_route=\/wp\/v2\/pages\/203\/revisions\/453"}],"wp:attachment":[{"href":"https:\/\/beratung-melching.de\/index.php?rest_route=%2Fwp%2Fv2%2Fmedia&parent=203"}],"curies":[{"name":"wp","href":"https:\/\/api.w.org\/{rel}","templated":true}]}}