{"id":245,"date":"2017-10-17T15:10:43","date_gmt":"2017-10-17T13:10:43","guid":{"rendered":"http:\/\/beratung-melching.de\/?page_id=245"},"modified":"2019-02-11T15:34:46","modified_gmt":"2019-02-11T14:34:46","slug":"einzelcoaching","status":"publish","type":"page","link":"https:\/\/beratung-melching.de\/?page_id=245","title":{"rendered":"Einzelcoaching"},"content":{"rendered":"<p><span style=\"color: #003366;\">Einzelcoaching bietet die M\u00f6glichkeit, berufliche Themen mit professioneller Hilfe ganz individuell ausgerichtet an Ihren Zielen und M\u00f6glichkeiten zu bearbeiten.<\/span><\/p>\n<p style=\"text-align: justify;\"><span style=\"color: #003366;\">Selbstverst\u00e4ndlich k\u00f6nnen Sie mit sehr aktuellen Job-Themen zu mir kommen, weil es &#8222;brennt&#8220; oder Sie endlich Zeit und Lust haben, sich darum zu k\u00fcmmern&#8230;<\/span><\/p>\n<p><span style=\"color: #003366;\">Ich arbeite ansonsten sehr gern mit Ihnen an folgenden, \u00fcbergeordneten Themenbereichen:<\/span><\/p>\n<ul>\n<li><span style=\"color: #003366;\">Standortbestimmung und Perspektiventwicklung &#8211; <em>Wo bin ich und wo kann es hingehen?<\/em><br \/>\n<\/span><\/li>\n<li><span style=\"color: #003366;\">Selbstreflektion und Potentialanalyse &#8211; <em>Wer bin ich und was kann ich werden?<\/em><br \/>\n<\/span><\/li>\n<li><span style=\"color: #003366;\">Neuorientierung und existenzielle Entscheidung &#8211; <em>Was g\u00e4be es sonst noch und will ich das?<\/em><\/span><\/li>\n<li><span style=\"color: #003366;\">Vorbereitung oder Bew\u00e4ltigung eines Wendepunktes Ihres Arbeitslebens &#8211; <em>Was kommt auf mich zu und wie kann ich es positiv gestalten?<\/em><br \/>\n<span style=\"text-decoration: underline;\"><br \/>\nBereich Pers\u00f6nlichkeitsentwicklung:<\/span><\/span><\/li>\n<li><span style=\"color: #003366;\">Kritikf\u00e4higkeit erh\u00f6hen und Kommunikationsf\u00e4higkeit optimieren<br \/>\n<\/span><\/li>\n<li><span style=\"color: #003366;\">Kompetenzentwicklung beim Umgang mit konflikthaften Situationen<\/span><span style=\"color: #003366;\"><br \/>\n<\/span><\/li>\n<li><span style=\"color: #003366;\">Ver\u00e4nderung als problematisch bewerteter Verhaltensweisen oder Denkmuster<\/span><\/li>\n<li><span style=\"color: #003366;\">St\u00e4rkung Ihrer individuellen Ressourcen und F\u00e4higkeiten<\/span><\/li>\n<\/ul>\n<p>&nbsp;<\/p>\n","protected":false},"excerpt":{"rendered":"<p>Einzelcoaching bietet die M\u00f6glichkeit, berufliche Themen mit professioneller Hilfe ganz individuell ausgerichtet an Ihren Zielen und M\u00f6glichkeiten zu bearbeiten. Selbstverst\u00e4ndlich k\u00f6nnen Sie mit sehr aktuellen Job-Themen zu mir kommen, weil es &#8222;brennt&#8220; oder Sie endlich Zeit und Lust haben, sich darum zu k\u00fcmmern&#8230; Ich arbeite ansonsten sehr gern mit Ihnen an folgenden, \u00fcbergeordneten Themenbereichen: Standortbestimmung &hellip; <\/p>\n<p class=\"link-more\"><a href=\"https:\/\/beratung-melching.de\/?page_id=245\" class=\"more-link\"><span class=\"screen-reader-text\">\u201eEinzelcoaching\u201c <\/span>weiterlesen<\/a><\/p>\n","protected":false},"author":1,"featured_media":0,"parent":82,"menu_order":0,"comment_status":"closed","ping_status":"closed","template":"","meta":{"footnotes":""},"_links":{"self":[{"href":"https:\/\/beratung-melching.de\/index.php?rest_route=\/wp\/v2\/pages\/245"}],"collection":[{"href":"https:\/\/beratung-melching.de\/index.php?rest_route=\/wp\/v2\/pages"}],"about":[{"href":"https:\/\/beratung-melching.de\/index.php?rest_route=\/wp\/v2\/types\/page"}],"author":[{"embeddable":true,"href":"https:\/\/beratung-melching.de\/index.php?rest_route=\/wp\/v2\/users\/1"}],"replies":[{"embeddable":true,"href":"https:\/\/beratung-melching.de\/index.php?rest_route=%2Fwp%2Fv2%2Fcomments&post=245"}],"version-history":[{"count":13,"href":"https:\/\/beratung-melching.de\/index.php?rest_route=\/wp\/v2\/pages\/245\/revisions"}],"predecessor-version":[{"id":339,"href":"https:\/\/beratung-melching.de\/index.php?rest_route=\/wp\/v2\/pages\/245\/revisions\/339"}],"up":[{"embeddable":true,"href":"https:\/\/beratung-melching.de\/index.php?rest_route=\/wp\/v2\/pages\/82"}],"wp:attachment":[{"href":"https:\/\/beratung-melching.de\/index.php?rest_route=%2Fwp%2Fv2%2Fmedia&parent=245"}],"curies":[{"name":"wp","href":"https:\/\/api.w.org\/{rel}","templated":true}]}}