{"id":247,"date":"2017-10-17T15:14:07","date_gmt":"2017-10-17T13:14:07","guid":{"rendered":"http:\/\/beratung-melching.de\/?page_id=247"},"modified":"2019-02-11T15:35:06","modified_gmt":"2019-02-11T14:35:06","slug":"team-gruppen-coaching","status":"publish","type":"page","link":"https:\/\/beratung-melching.de\/?page_id=247","title":{"rendered":"TeamCoaching &#8211; Supervision"},"content":{"rendered":"<p><span style=\"color: #003366;\"><strong>Teams oder Gruppen<br \/>\nk\u00f6nnen von mir in 3 Themenbereichen Unterst\u00fctzung bekommen:<\/strong><\/span><\/p>\n<p><span style=\"color: #003366;\"><span style=\"text-decoration: underline;\"><strong>Konfliktcoaching<\/strong><\/span> bei aktuellen oder &#8222;alten&#8220; Konflikten:<\/span><br \/>\n<span style=\"color: #003366;\"><span style=\"color: #003366;\">Ob auf einer Hierarchieebene, oder \u00fcbergreifend: hier erarbeiten wir eine gemeinsame Basis zum konstruktiven Umgang mit der als problematisch empfundenen Situation oder Verhaltensweise, finden und \u00fcben hilfreichere Konfliktl\u00f6sungsstrategien und versuchen St\u00f6rungen\u00a0 des Miteinanders oder der internen Arbeitsabl\u00e4ufe zu verstehen und nachhaltig zu beheben.<\/span><\/span><\/p>\n<p><strong><span style=\"color: #003366;\"><span style=\"text-decoration: underline;\">Teamentwicklung\/Ver\u00e4nderungsprozesse<\/span>:<\/span><\/strong><br \/>\nWenn es irgendwo &#8222;hakt&#8220;, aber a<span style=\"color: #003366;\">uch wenn es gut l\u00e4uft und Ver\u00e4nderungsprozesse anliegen, kann professionelle Begleitung durch Externe sehr sinnvoll sein.<\/span><br \/>\n<span style=\"color: #003366;\">Gerade der systemische Blick er\u00f6ffnet oft ganz neue Perspektiven f\u00fcr die Beteiligten selbst, auf die Situation, ihre Ressourcen sowie auf die Dynamiken innerhalb ihrer Strukturen. In Kombination mit der Anerkennung und Weiterf\u00fchrung des bisher Bew\u00e4hrten, k\u00f6nnen so innere und \u00e4u\u00dfere R\u00e4ume f\u00fcr neue L\u00f6sungen und Strategien entstehen, die ein zufriedenes, erfolgreiches Arbeiten unterst\u00fctzen werden.<br \/>\n<\/span><\/p>\n<p><span style=\"color: #003366;\"><span style=\"text-decoration: underline;\"><strong>Supervision:<\/strong><br \/>\n<\/span>Falls Sie oder Ihre MitarbeiterInnen im medizinischen, pflegerischen oder sozialen Bereich arbeiten, biete ich Unterst\u00fctzung bez\u00fcglich der spezifischen Dynamiken und Themenlagen dieser Arbeit an.<br \/>\nJe nach Bedarf kann es dabei um das kollegiale Miteinander, die Arbeit und den Kontakt mit PatientInnen\/KlientInnen und Angeh\u00f6rigen gehen, aber auch um eigene Stressverarbeitung und Ressourcenst\u00e4rkung. <\/span><span style=\"color: #003366;\"><br \/>\nIch arbeite seit vielen Jahren sehr gern als Einzel-und Teamsupervisorin im\u00a0 klinischen oder ambulanten Bereich.<\/span><span style=\"color: #003366;\"><br \/>\n<\/span><\/p>\n<p><span style=\"color: #003366;\">Ich freue mich auf Ihre Anfrage!<\/span><\/p>\n<p>&nbsp;<\/p>\n","protected":false},"excerpt":{"rendered":"<p>Teams oder Gruppen k\u00f6nnen von mir in 3 Themenbereichen Unterst\u00fctzung bekommen: Konfliktcoaching bei aktuellen oder &#8222;alten&#8220; Konflikten: Ob auf einer Hierarchieebene, oder \u00fcbergreifend: hier erarbeiten wir eine gemeinsame Basis zum konstruktiven Umgang mit der als problematisch empfundenen Situation oder Verhaltensweise, finden und \u00fcben hilfreichere Konfliktl\u00f6sungsstrategien und versuchen St\u00f6rungen\u00a0 des Miteinanders oder der internen Arbeitsabl\u00e4ufe zu &hellip; <\/p>\n<p class=\"link-more\"><a href=\"https:\/\/beratung-melching.de\/?page_id=247\" class=\"more-link\"><span class=\"screen-reader-text\">\u201eTeamCoaching &#8211; Supervision\u201c <\/span>weiterlesen<\/a><\/p>\n","protected":false},"author":1,"featured_media":0,"parent":82,"menu_order":0,"comment_status":"closed","ping_status":"closed","template":"","meta":{"footnotes":""},"_links":{"self":[{"href":"https:\/\/beratung-melching.de\/index.php?rest_route=\/wp\/v2\/pages\/247"}],"collection":[{"href":"https:\/\/beratung-melching.de\/index.php?rest_route=\/wp\/v2\/pages"}],"about":[{"href":"https:\/\/beratung-melching.de\/index.php?rest_route=\/wp\/v2\/types\/page"}],"author":[{"embeddable":true,"href":"https:\/\/beratung-melching.de\/index.php?rest_route=\/wp\/v2\/users\/1"}],"replies":[{"embeddable":true,"href":"https:\/\/beratung-melching.de\/index.php?rest_route=%2Fwp%2Fv2%2Fcomments&post=247"}],"version-history":[{"count":25,"href":"https:\/\/beratung-melching.de\/index.php?rest_route=\/wp\/v2\/pages\/247\/revisions"}],"predecessor-version":[{"id":340,"href":"https:\/\/beratung-melching.de\/index.php?rest_route=\/wp\/v2\/pages\/247\/revisions\/340"}],"up":[{"embeddable":true,"href":"https:\/\/beratung-melching.de\/index.php?rest_route=\/wp\/v2\/pages\/82"}],"wp:attachment":[{"href":"https:\/\/beratung-melching.de\/index.php?rest_route=%2Fwp%2Fv2%2Fmedia&parent=247"}],"curies":[{"name":"wp","href":"https:\/\/api.w.org\/{rel}","templated":true}]}}