{"id":44,"date":"2017-10-08T23:16:37","date_gmt":"2017-10-08T21:16:37","guid":{"rendered":"http:\/\/beratung-melching.de\/?page_id=44"},"modified":"2019-02-11T15:32:39","modified_gmt":"2019-02-11T14:32:39","slug":"angebote","status":"publish","type":"page","link":"https:\/\/beratung-melching.de\/?page_id=44","title":{"rendered":"Angebote"},"content":{"rendered":"<p style=\"text-align: justify;\"><span style=\"color: #003366;\">Systemische Arbeit und meine verf\u00fcgbaren &#8222;Werkzeuge&#8220; eignen sich f\u00fcr sehr viele Bereiche, in denen mit professioneller Unterst\u00fctzung Verst\u00e4ndnis und Ver\u00e4nderung des individuellen Erlebens, Verhaltens oder der Sichtweise auf das Miteinander erreicht werden sollen. Einzeln oder im &#8222;sozialen System&#8220;.<\/span><br \/>\n<span style=\"color: #003366;\"> Dabei arbeite ich undogmatisch und l\u00f6sungsorientiert, aufbauend auf Ihre individuell verf\u00fcgbaren Ressourcen und orientiert an Ihren Zielen.<\/span><br \/>\n<span style=\"color: #003366;\">Klarheit zu finden, einen schwierigen Weg begleitet besser durchzustehen,\u00a0 oder etwas an sich zu ver\u00e4ndern, was Sie als problematisch bewerten oder erleben &#8211; dabei unterst\u00fctze ich gern.<\/span><\/p>\n<p style=\"text-align: justify;\"><span style=\"color: #003366;\">Mein <a href=\"https:\/\/beratung-melching.de\/?page_id=81\" target=\"_blank\" rel=\"noopener\">Therapie\/Beratungsangebot<\/a> richtet sich an Einzelpersonen, Paare und Familien jeglicher Konstellation.<\/span><\/p>\n<p style=\"text-align: justify;\"><span style=\"color: #003366;\"><a href=\"https:\/\/beratung-melching.de\/?page_id=82\" target=\"_blank\" rel=\"noopener\">Coaching<\/a> biete ich Privatpersonen,\u00a0 Firmen und\u00a0Projekten an.<\/span><\/p>\n<p style=\"text-align: justify;\"><span style=\"color: #003366;\">Mit <a href=\"https:\/\/beratung-melching.de\/?page_id=83\" target=\"_blank\" rel=\"noopener\">Krisenhilfe<\/a> unterst\u00fctze ich Einzelpersonen sowie Paare\/Familien,\u00a0 sie wurde aber auch schon von Teams\/ Gruppen als hilfreich erlebt.<\/span><\/p>\n<p>&nbsp;<\/p>\n","protected":false},"excerpt":{"rendered":"<p>Systemische Arbeit und meine verf\u00fcgbaren &#8222;Werkzeuge&#8220; eignen sich f\u00fcr sehr viele Bereiche, in denen mit professioneller Unterst\u00fctzung Verst\u00e4ndnis und Ver\u00e4nderung des individuellen Erlebens, Verhaltens oder der Sichtweise auf das Miteinander erreicht werden sollen. Einzeln oder im &#8222;sozialen System&#8220;. Dabei arbeite ich undogmatisch und l\u00f6sungsorientiert, aufbauend auf Ihre individuell verf\u00fcgbaren Ressourcen und orientiert an Ihren Zielen. &hellip; <\/p>\n<p class=\"link-more\"><a href=\"https:\/\/beratung-melching.de\/?page_id=44\" class=\"more-link\"><span class=\"screen-reader-text\">\u201eAngebote\u201c <\/span>weiterlesen<\/a><\/p>\n","protected":false},"author":1,"featured_media":0,"parent":0,"menu_order":0,"comment_status":"closed","ping_status":"closed","template":"","meta":{"footnotes":""},"_links":{"self":[{"href":"https:\/\/beratung-melching.de\/index.php?rest_route=\/wp\/v2\/pages\/44"}],"collection":[{"href":"https:\/\/beratung-melching.de\/index.php?rest_route=\/wp\/v2\/pages"}],"about":[{"href":"https:\/\/beratung-melching.de\/index.php?rest_route=\/wp\/v2\/types\/page"}],"author":[{"embeddable":true,"href":"https:\/\/beratung-melching.de\/index.php?rest_route=\/wp\/v2\/users\/1"}],"replies":[{"embeddable":true,"href":"https:\/\/beratung-melching.de\/index.php?rest_route=%2Fwp%2Fv2%2Fcomments&post=44"}],"version-history":[{"count":10,"href":"https:\/\/beratung-melching.de\/index.php?rest_route=\/wp\/v2\/pages\/44\/revisions"}],"predecessor-version":[{"id":410,"href":"https:\/\/beratung-melching.de\/index.php?rest_route=\/wp\/v2\/pages\/44\/revisions\/410"}],"wp:attachment":[{"href":"https:\/\/beratung-melching.de\/index.php?rest_route=%2Fwp%2Fv2%2Fmedia&parent=44"}],"curies":[{"name":"wp","href":"https:\/\/api.w.org\/{rel}","templated":true}]}}