{"id":73,"date":"2017-10-09T00:55:16","date_gmt":"2017-10-08T22:55:16","guid":{"rendered":"http:\/\/beratung-melching.de\/?page_id=73"},"modified":"2025-06-29T19:53:23","modified_gmt":"2025-06-29T17:53:23","slug":"konditionen","status":"publish","type":"page","link":"https:\/\/beratung-melching.de\/?page_id=73","title":{"rendered":"Konditionen"},"content":{"rendered":"<p><strong><span style=\"text-decoration: underline;\"><span style=\"color: #003366; text-decoration: underline;\">Angebote auch au\u00dferhalb der Praxis:<\/span><\/span><\/strong><\/p>\n<ul>\n<li><span style=\"color: #003366;\">Es gibt die M\u00f6glichkeit, sich <strong>telefonisch oder per Videocall<\/strong> von mir beraten zu lassen, wenn dies Ihrem Anliegen und Ihrer Situation entspricht und auf diesem Weg eine angemessene Unterst\u00fctzung m\u00f6glich ist.<\/span><\/li>\n<li><span style=\"color: #003366;\">Falls gew\u00fcnscht, biete ich im<strong> HVV- Gro\u00dfraum <\/strong>auch <strong>Haus\/Klinikbesuche oder Begleitung zu Arztterminen <\/strong>an.<\/span><\/li>\n<li><span style=\"color: #003366;\">Firmencoachings\/Supervisionen finden selbstverst\u00e4ndlich <strong>vor Ort<\/strong> statt.<\/span><\/li>\n<\/ul>\n<p style=\"text-align: justify;\" align=\"LEFT\"><strong><span style=\"text-decoration: underline;\"><span style=\"color: #003366; text-decoration: underline;\">Honorar:<\/span><\/span><\/strong><br \/>\n<span style=\"color: #003366;\"> Meine Leistungen als <strong>Heilpraktikerin f\u00fcr Psychotherapie<\/strong> werden von den\u00a0 Krankenversicherungen leider <strong>nicht erstattet<\/strong>. Sollten Sie eine Zusatzversicherung abgeschlossen haben, erfragen Sie bitte dort, ob die Kosten\u00a0 (ggfs. zumindest anteilig) \u00fcbernommen werden.<br \/>\n<\/span><br \/>\n<span style=\"color: #003366;\">Das <strong>Honorar f\u00fcr meine Beratungen und Coachings <\/strong>richtet sich nach dem<strong> jeweils genutzten Angebot, Teilnehmerzahl und Rahmenbedingungen\u00a0<\/strong> und\u00a0 daher erstelle ich gern ein individuelles Angebot auf Anfrage.<br \/>\n<\/span>Grunds\u00e4tzlich bewege ich mich bei den Kosten im vergleichsweise moderaten Bereich.<br \/>\n<span style=\"color: #003366;\">F\u00fcr KlientInnen mit entsprechender Einkommenslage biete ich soweit m\u00f6glich auch einen &#8222;Sozialtarif&#8220; an.<br \/>\n<\/span><br \/>\n<strong><span style=\"text-decoration: underline;\"><span style=\"color: #003366; text-decoration: underline;\"> Datenschutz:<\/span><\/span><\/strong><br \/>\n<span style=\"color: #003366;\"> Selbstverst\u00e4ndlich unterliegt meine Arbeit der <strong>Schweigepflicht<\/strong>.<\/span><br \/>\n<span style=\"color: #003366;\"> Da ich zur Qualit\u00e4tssicherung meiner Arbeit u.a. kollegiale Intervision und Supervision nutze, stelle ich s\u00e4mtliche Klient*innendaten auch in diesem Kontext garantiert nur anonymisiert dar.<br \/>\nAu\u00dferdem sch\u00fctze ich s\u00e4mtliche Notizen und digitale Daten verantwortungsvoll.<\/span><\/p>\n<p><span style=\"color: #003366;\"><strong><span style=\"text-decoration: underline;\"><span style=\"color: #003366; text-decoration: underline;\">Diskretion<\/span><\/span>:<\/strong><\/span><br \/>\n<span style=\"color: #003366;\"> Ich habe einen eigenen Praxiseingang auf der R\u00fcckseite des Geb\u00e4udes,<\/span><br \/>\n<span style=\"color: #003366;\"> den Parkplatz direkt am Haus. Meine Klient*innen begegnen sich nicht,<\/span><br \/>\n<span style=\"color: #003366;\"> da ich die Termine mit entsprechenden Zeitabst\u00e4nden vergebe.<\/span><\/p>\n<p align=\"LEFT\"><span style=\"font-family: Verdana,Arial,Helvetica,sans-serif;\"><span style=\"font-size: small;\">\u00a0<\/span><\/span><\/p>\n","protected":false},"excerpt":{"rendered":"<p>Angebote auch au\u00dferhalb der Praxis: Es gibt die M\u00f6glichkeit, sich telefonisch oder per Videocall von mir beraten zu lassen, wenn dies Ihrem Anliegen und Ihrer Situation entspricht und auf diesem Weg eine angemessene Unterst\u00fctzung m\u00f6glich ist. Falls gew\u00fcnscht, biete ich im HVV- Gro\u00dfraum auch Haus\/Klinikbesuche oder Begleitung zu Arztterminen an. Firmencoachings\/Supervisionen finden selbstverst\u00e4ndlich vor Ort &hellip; <\/p>\n<p class=\"link-more\"><a href=\"https:\/\/beratung-melching.de\/?page_id=73\" class=\"more-link\"><span class=\"screen-reader-text\">\u201eKonditionen\u201c <\/span>weiterlesen<\/a><\/p>\n","protected":false},"author":1,"featured_media":0,"parent":0,"menu_order":0,"comment_status":"closed","ping_status":"closed","template":"","meta":{"footnotes":""},"_links":{"self":[{"href":"https:\/\/beratung-melching.de\/index.php?rest_route=\/wp\/v2\/pages\/73"}],"collection":[{"href":"https:\/\/beratung-melching.de\/index.php?rest_route=\/wp\/v2\/pages"}],"about":[{"href":"https:\/\/beratung-melching.de\/index.php?rest_route=\/wp\/v2\/types\/page"}],"author":[{"embeddable":true,"href":"https:\/\/beratung-melching.de\/index.php?rest_route=\/wp\/v2\/users\/1"}],"replies":[{"embeddable":true,"href":"https:\/\/beratung-melching.de\/index.php?rest_route=%2Fwp%2Fv2%2Fcomments&post=73"}],"version-history":[{"count":19,"href":"https:\/\/beratung-melching.de\/index.php?rest_route=\/wp\/v2\/pages\/73\/revisions"}],"predecessor-version":[{"id":438,"href":"https:\/\/beratung-melching.de\/index.php?rest_route=\/wp\/v2\/pages\/73\/revisions\/438"}],"wp:attachment":[{"href":"https:\/\/beratung-melching.de\/index.php?rest_route=%2Fwp%2Fv2%2Fmedia&parent=73"}],"curies":[{"name":"wp","href":"https:\/\/api.w.org\/{rel}","templated":true}]}}