{"id":79,"date":"2017-10-09T01:04:51","date_gmt":"2017-10-08T23:04:51","guid":{"rendered":"http:\/\/beratung-melching.de\/?page_id=79"},"modified":"2019-02-11T15:51:17","modified_gmt":"2019-02-11T14:51:17","slug":"kontaktanfahrt","status":"publish","type":"page","link":"https:\/\/beratung-melching.de\/?page_id=79","title":{"rendered":"Kontakt\/Anfahrt"},"content":{"rendered":"<p style=\"text-align: justify;\"><span style=\"text-decoration: underline; color: #003366;\"><strong>Kontakt:<\/strong><\/span><br \/>\n<span style=\"color: #003366;\"> Sie erreichen mich telefonisch unter der<\/span><span style=\"color: #003366;\"> <strong>0176- 61515098<\/strong>.<\/span><br \/>\n<span style=\"color: #003366;\"> Falls Sie mich nicht direkt erreichen, k\u00f6nnen Sie mir dort gern jederzeit eine Nachricht auf dem Anrufbeantworter hinterlassen oder auch eine SMS schicken.<\/span><br \/>\n<span style=\"color: #003366;\"> Ich reagiere dann schnellstm\u00f6glich.<\/span><br \/>\n<span style=\"color: #003366;\"> Alternativ k\u00f6nnen Sie mir gerne auch eine <a href=\"mailto:mail@beratung-melching.de\">Mail<\/a> schreiben.<\/span><\/p>\n<p style=\"text-align: justify;\"><span style=\"text-decoration: underline; color: #003366;\"><strong>Anfahrt:<\/strong><\/span><br \/>\n<span style=\"color: #003366;\"> Meine Praxis befindet sich in der<\/span><br \/>\n<strong><span style=\"color: #003366;\"> Theodorstra\u00dfe 41 C Eingang 3<\/span><\/strong><br \/>\n<span style=\"color: #003366;\"> im <strong>Gewerbehof Theodorhof in Hamburg- Bahrenfeld<\/strong>,<\/span><br \/>\n<span style=\"color: #003366;\"> 10 Minuten von der Holstenstra\u00dfe, 13 Minuten vom Altonaer Bahnhof per Bus.<\/span><br \/>\n<span style=\"color: #003366;\"> <a href=\"https:\/\/beratung-melching.de\/wp-content\/uploads\/2017\/10\/Adresse-Anfahrt-Lageplan-Praxis-Melching.pdf\">Adresse Anfahrt Lageplan Praxis Melching<\/a><\/span><br \/>\n<span style=\"color: #003366;\"> 2 Minuten Fu\u00dfweg von der Busshaltestelle August-Kirch-Stra\u00dfe<\/span><br \/>\n<span style=\"color: #003366;\"> (Metrobusse 2 + 3 fahren mind. alle 10 Minuten)<\/span><\/p>\n<p><span style=\"color: #003366;\"> Anfahrt \u00fcber Bahrenfelder Stra\u00dfe \/ von-Sauer-Stra\u00dfe stadtausw\u00e4rts<\/span><br \/>\n<span style=\"color: #003366;\"> Autobahn A7 Abfahrt Bahrenfeld<\/span><br \/>\n<span style=\"color: #003366;\"><strong> Praxiseigener Parkpatz<\/strong> direkt am Haus<br \/>\n<\/span><\/p>\n","protected":false},"excerpt":{"rendered":"<p>Kontakt: Sie erreichen mich telefonisch unter der 0176- 61515098. Falls Sie mich nicht direkt erreichen, k\u00f6nnen Sie mir dort gern jederzeit eine Nachricht auf dem Anrufbeantworter hinterlassen oder auch eine SMS schicken. Ich reagiere dann schnellstm\u00f6glich. Alternativ k\u00f6nnen Sie mir gerne auch eine Mail schreiben. Anfahrt: Meine Praxis befindet sich in der Theodorstra\u00dfe 41 C &hellip; <\/p>\n<p class=\"link-more\"><a href=\"https:\/\/beratung-melching.de\/?page_id=79\" class=\"more-link\"><span class=\"screen-reader-text\">\u201eKontakt\/Anfahrt\u201c <\/span>weiterlesen<\/a><\/p>\n","protected":false},"author":1,"featured_media":0,"parent":0,"menu_order":0,"comment_status":"closed","ping_status":"closed","template":"","meta":{"footnotes":""},"_links":{"self":[{"href":"https:\/\/beratung-melching.de\/index.php?rest_route=\/wp\/v2\/pages\/79"}],"collection":[{"href":"https:\/\/beratung-melching.de\/index.php?rest_route=\/wp\/v2\/pages"}],"about":[{"href":"https:\/\/beratung-melching.de\/index.php?rest_route=\/wp\/v2\/types\/page"}],"author":[{"embeddable":true,"href":"https:\/\/beratung-melching.de\/index.php?rest_route=\/wp\/v2\/users\/1"}],"replies":[{"embeddable":true,"href":"https:\/\/beratung-melching.de\/index.php?rest_route=%2Fwp%2Fv2%2Fcomments&post=79"}],"version-history":[{"count":8,"href":"https:\/\/beratung-melching.de\/index.php?rest_route=\/wp\/v2\/pages\/79\/revisions"}],"predecessor-version":[{"id":304,"href":"https:\/\/beratung-melching.de\/index.php?rest_route=\/wp\/v2\/pages\/79\/revisions\/304"}],"wp:attachment":[{"href":"https:\/\/beratung-melching.de\/index.php?rest_route=%2Fwp%2Fv2%2Fmedia&parent=79"}],"curies":[{"name":"wp","href":"https:\/\/api.w.org\/{rel}","templated":true}]}}