{"id":80,"date":"2017-10-09T01:04:51","date_gmt":"2017-10-08T23:04:51","guid":{"rendered":"http:\/\/beratung-melching.de\/?page_id=80"},"modified":"2019-02-11T15:39:31","modified_gmt":"2019-02-11T14:39:31","slug":"impressum","status":"publish","type":"page","link":"https:\/\/beratung-melching.de\/?page_id=80","title":{"rendered":"Impressum"},"content":{"rendered":"<p align=\"LEFT\"><span style=\"font-family: Verdana,Arial,Helvetica,sans-serif;\"><span style=\"font-size: small;\">Anke Melching<br \/>\nTheodorstra\u00dfe 41C<br \/>\n22761 Hamburg<br \/>\nTel.0176- 61515098<br \/>\nmail(at)beratung-melching.de<\/span><\/span><br \/>\n<span style=\"font-family: Verdana,Arial,Helvetica,sans-serif;\"><span style=\"font-size: small;\">www.beratung-melching.de<\/span><\/span><\/p>\n<p align=\"LEFT\"><span style=\"font-family: Verdana,Arial,Helvetica,sans-serif;\"><span style=\"font-size: small;\">Gesetzliche Berufsbezeichnung:<br \/>\nHeilpraktikerin f\u00fcr Psychotherapie<\/span><\/span><\/p>\n<p align=\"LEFT\"><span style=\"font-family: Verdana,Arial,Helvetica,sans-serif;\"><span style=\"font-size: small;\">Mir wurde vom Gesundheitsamt Hamburg die Erlaubnis zur berufsm\u00e4\u00dfigen Aus\u00fcbung der Heilkunde f\u00fcr Psychotherapie (gem\u00e4\u00df Heilpraktikergesetz) erteilt.<\/span><\/span><\/p>\n<p align=\"LEFT\"><span style=\"font-family: Verdana,Arial,Helvetica,sans-serif;\"><span style=\"font-size: small;\">Berufsrechtliche Regelungen:<br \/>\nGesetz \u00fcber die berufsm\u00e4\u00dfige Aus\u00fcbung der Heilkunde ohne Bestallung(Heilpraktikergesetz) vom 17.02.1939 (RGB1.- S251, BGB1.III 2122-2)<\/span><\/span><\/p>\n<p align=\"LEFT\"><span style=\"font-family: Verdana,Arial,Helvetica,sans-serif;\"><span style=\"font-size: small;\">Zust\u00e4ndige Aufsichtsbeh\u00f6rde:<\/span><\/span><\/p>\n<p align=\"LEFT\"><span style=\"font-family: Verdana,Arial,Helvetica,sans-serif;\"><span style=\"font-size: small;\">Gesundheitsamt Hamburg-Altona<br \/>\nBahrenfelder Stra\u00dfe 254-260<br \/>\n22765 Hamburg<br \/>\nTel. 040-42811-3001<\/span><\/span><\/p>\n<p align=\"LEFT\"><span style=\"font-family: Verdana,Arial,Helvetica,sans-serif;\"><span style=\"font-size: small;\">Haftungshinweis: Trotz sorgf\u00e4ltiger inhaltlicher Kontrolle \u00fcbernehme ich keine Haftung f\u00fcr die Inhalte externer Links. F\u00fcr den Inhalt der verlinkten Seiten sind ausschlie\u00dflich deren Betreiber verantwortlich. Eine Haftung f\u00fcr die Richtigkeit der Ver\u00f6ffentlichungen und Links kann nicht \u00fcbernommen werden.<\/span><\/span><\/p>\n<p align=\"LEFT\"><span style=\"font-family: Verdana,Arial,Helvetica,sans-serif;\"><span style=\"font-size: small;\">Copyright : Anke Melching<\/span><\/span><\/p>\n","protected":false},"excerpt":{"rendered":"<p>Anke Melching Theodorstra\u00dfe 41C 22761 Hamburg Tel.0176- 61515098 mail(at)beratung-melching.de www.beratung-melching.de Gesetzliche Berufsbezeichnung: Heilpraktikerin f\u00fcr Psychotherapie Mir wurde vom Gesundheitsamt Hamburg die Erlaubnis zur berufsm\u00e4\u00dfigen Aus\u00fcbung der Heilkunde f\u00fcr Psychotherapie (gem\u00e4\u00df Heilpraktikergesetz) erteilt. Berufsrechtliche Regelungen: Gesetz \u00fcber die berufsm\u00e4\u00dfige Aus\u00fcbung der Heilkunde ohne Bestallung(Heilpraktikergesetz) vom 17.02.1939 (RGB1.- S251, BGB1.III 2122-2) Zust\u00e4ndige Aufsichtsbeh\u00f6rde: Gesundheitsamt Hamburg-Altona Bahrenfelder Stra\u00dfe &hellip; <\/p>\n<p class=\"link-more\"><a href=\"https:\/\/beratung-melching.de\/?page_id=80\" class=\"more-link\"><span class=\"screen-reader-text\">\u201eImpressum\u201c <\/span>weiterlesen<\/a><\/p>\n","protected":false},"author":1,"featured_media":0,"parent":0,"menu_order":0,"comment_status":"closed","ping_status":"closed","template":"","meta":{"footnotes":""},"_links":{"self":[{"href":"https:\/\/beratung-melching.de\/index.php?rest_route=\/wp\/v2\/pages\/80"}],"collection":[{"href":"https:\/\/beratung-melching.de\/index.php?rest_route=\/wp\/v2\/pages"}],"about":[{"href":"https:\/\/beratung-melching.de\/index.php?rest_route=\/wp\/v2\/types\/page"}],"author":[{"embeddable":true,"href":"https:\/\/beratung-melching.de\/index.php?rest_route=\/wp\/v2\/users\/1"}],"replies":[{"embeddable":true,"href":"https:\/\/beratung-melching.de\/index.php?rest_route=%2Fwp%2Fv2%2Fcomments&post=80"}],"version-history":[{"count":7,"href":"https:\/\/beratung-melching.de\/index.php?rest_route=\/wp\/v2\/pages\/80\/revisions"}],"predecessor-version":[{"id":306,"href":"https:\/\/beratung-melching.de\/index.php?rest_route=\/wp\/v2\/pages\/80\/revisions\/306"}],"wp:attachment":[{"href":"https:\/\/beratung-melching.de\/index.php?rest_route=%2Fwp%2Fv2%2Fmedia&parent=80"}],"curies":[{"name":"wp","href":"https:\/\/api.w.org\/{rel}","templated":true}]}}