{"id":81,"date":"2017-10-09T01:04:51","date_gmt":"2017-10-08T23:04:51","guid":{"rendered":"http:\/\/beratung-melching.de\/?page_id=81"},"modified":"2022-10-08T16:43:54","modified_gmt":"2022-10-08T14:43:54","slug":"therapieberatung","status":"publish","type":"page","link":"https:\/\/beratung-melching.de\/?page_id=81","title":{"rendered":"Therapie\/Beratung"},"content":{"rendered":"<p><span style=\"color: #003366;\"><strong>&#8220; Es muss sich etwas \u00e4ndern ! &#8220;<br \/>\n<\/strong><\/span><\/p>\n<p><span style=\"color: #003366;\"><strong>&#8230; Ist das auch Ihr Grundgedanke bei der Suche<br \/>\nnach professioneller Unterst\u00fctzung<\/strong><strong>?<br \/>\n<\/strong><\/span><br \/>\n<span style=\"color: #003366;\"> Soll nur das Verst\u00e4ndnis wachsen f\u00fcr die eigene &#8222;Art zu Sein&#8220;,<br \/>\nein Weg gefunden werden, eine liebevolle Akzeptanz zu entwickeln?<\/span><br \/>\n<span style=\"color: #003366;\"> Oder ist eine Ver\u00e4nderung des Erlebens, des Handelns und Ihrer Situation das Ziel?<\/span><br \/>\n<span style=\"color: #003366;\"><br \/>\nOb Sie\u00a0 so nicht mehr weiterk\u00f6nnen oder wollen,\u00a0 aus der Not heraus oder &#8222;freiwillig&#8220; Unterst\u00fctzung suchen: Damit sind Sie schon auf dem Weg&#8230;<br \/>\n<\/span><\/p>\n<p><span style=\"color: #003366;\">Falls ich Sie darauf begleiten werde, erfordert dies vor allem Ihre Bereitschaft, Ihrem Problem oder Symptom zugrunde liegende Muster und Hintergr\u00fcnde anzuschauen, bisherige Bewertungen zu \u00fcberpr\u00fcfen und neue Sicht-und Verhaltensweisen zumindest auszuprobieren. Dabei ber\u00fccksichtigt der systemische Ansatz immer die Wechselwirkungen innerhalb der &#8222;sozialen Systeme&#8220; und Rahmenbedingungen, in denen sie entstanden sind oder aktuell wirken.<br \/>\nRessourcenorientiert wird alles Hilfreiche gest\u00e4rkt, st\u00f6rende Muster und Belastungen intern und extern m\u00f6glichst ver\u00e4ndert.<br \/>\nSelbstverst\u00e4ndlich unterst\u00fctze ich dabei mit allen verf\u00fcgbaren professionellen &#8222;Werkzeugen&#8220;, meiner Geduld, Empathie und Erfahrung, aber auch mit meinem Bestreben, m\u00f6glichst schnell positive Ergebnisse zu erreichen und nachhaltig Besserung zu erm\u00f6glichen.<\/span><\/p>\n<p><span style=\"color: #003366;\">Sollte ich die passende Wegbegleiterin f\u00fcr Sie sein,<\/span><br \/>\n<span style=\"color: #003366;\"> arbeite ich sehr gerne mit Ihnen als Einzelperson,<br \/>\nPaar oder Familie jeglicher Konstellation an diesen Themen:<br \/>\n<\/span><\/p>\n<ul>\n<li><span style=\"color: #003366;\">Beziehungsproblemen und Bindungsst\u00f6rungen<\/span><\/li>\n<li><span style=\"color: #003366;\">famili\u00e4ren Konflikten<\/span><\/li>\n<li style=\"text-align: justify;\"><span style=\"color: #003366;\"> Identit\u00e4ts- oder Lebenskrisen<br \/>\n<\/span><\/li>\n<li style=\"text-align: justify;\"><span style=\"color: #003366;\">Kommunikationsproblemen<br \/>\n<\/span><\/li>\n<li style=\"text-align: justify;\"><span style=\"color: #003366;\">der Verarbeitung traumatischer Erlebnisse und ihrer Folgen<\/span><\/li>\n<li style=\"text-align: justify;\"><span style=\"color: #003366;\">Umgang mit onkologischen\/ lebensver\u00e4ndernden somatischen Erkrankungen (als Patient:in und\/oder Angeh\u00f6rige:r)<\/span><\/li>\n<\/ul>\n<p><span style=\"color: #003366;\">Ich freue mich auf Ihre Anfrage!<\/span><\/p>\n","protected":false},"excerpt":{"rendered":"<p>&#8220; Es muss sich etwas \u00e4ndern ! &#8220; &#8230; Ist das auch Ihr Grundgedanke bei der Suche nach professioneller Unterst\u00fctzung? Soll nur das Verst\u00e4ndnis wachsen f\u00fcr die eigene &#8222;Art zu Sein&#8220;, ein Weg gefunden werden, eine liebevolle Akzeptanz zu entwickeln? Oder ist eine Ver\u00e4nderung des Erlebens, des Handelns und Ihrer Situation das Ziel? Ob Sie\u00a0 &hellip; <\/p>\n<p class=\"link-more\"><a href=\"https:\/\/beratung-melching.de\/?page_id=81\" class=\"more-link\"><span class=\"screen-reader-text\">\u201eTherapie\/Beratung\u201c <\/span>weiterlesen<\/a><\/p>\n","protected":false},"author":1,"featured_media":0,"parent":0,"menu_order":0,"comment_status":"closed","ping_status":"closed","template":"","meta":{"footnotes":""},"_links":{"self":[{"href":"https:\/\/beratung-melching.de\/index.php?rest_route=\/wp\/v2\/pages\/81"}],"collection":[{"href":"https:\/\/beratung-melching.de\/index.php?rest_route=\/wp\/v2\/pages"}],"about":[{"href":"https:\/\/beratung-melching.de\/index.php?rest_route=\/wp\/v2\/types\/page"}],"author":[{"embeddable":true,"href":"https:\/\/beratung-melching.de\/index.php?rest_route=\/wp\/v2\/users\/1"}],"replies":[{"embeddable":true,"href":"https:\/\/beratung-melching.de\/index.php?rest_route=%2Fwp%2Fv2%2Fcomments&post=81"}],"version-history":[{"count":13,"href":"https:\/\/beratung-melching.de\/index.php?rest_route=\/wp\/v2\/pages\/81\/revisions"}],"predecessor-version":[{"id":418,"href":"https:\/\/beratung-melching.de\/index.php?rest_route=\/wp\/v2\/pages\/81\/revisions\/418"}],"wp:attachment":[{"href":"https:\/\/beratung-melching.de\/index.php?rest_route=%2Fwp%2Fv2%2Fmedia&parent=81"}],"curies":[{"name":"wp","href":"https:\/\/api.w.org\/{rel}","templated":true}]}}