{"id":82,"date":"2017-10-09T01:04:51","date_gmt":"2017-10-08T23:04:51","guid":{"rendered":"http:\/\/beratung-melching.de\/?page_id=82"},"modified":"2019-02-11T15:33:31","modified_gmt":"2019-02-11T14:33:31","slug":"coaching","status":"publish","type":"page","link":"https:\/\/beratung-melching.de\/?page_id=82","title":{"rendered":"Coaching \/ Supervision"},"content":{"rendered":"<p><span style=\"color: #003366;\">Mein Coachingangebot richtet sich an Privatpersonen f\u00fcr ein <a href=\"https:\/\/beratung-melching.de\/?page_id=245\" target=\"_blank\" rel=\"noopener\">Einzelcoaching<\/a> ebenso, wie an Firmen\/Projekte, die f\u00fcr einzelne MitarbeiterInnen oder f\u00fcr <a href=\"https:\/\/beratung-melching.de\/?page_id=247\" target=\"_blank\" rel=\"noopener\">Teams \/ Gruppen<\/a> ein Coaching haben m\u00f6chten.<br \/>\n<\/span><\/p>\n<p><span style=\"color: #003366;\">Nutzen Sie gern auch meine jahrelange Erfahrung als Coach\/Supervisorin f\u00fcr Einzelne und Teams<br \/>\nim sozialen, sowie medizinisch-pflegerischen Bereich (Referenzen auf Nachfrage).<br \/>\n<\/span><\/p>\n<p><span style=\"color: #003366;\">Nach einem Vorgespr\u00e4ch, in dem wir formale und inhaltliche Rahmenbedingungen einer Zusammenarbeit kl\u00e4ren, erfolgt eine gr\u00fcndliche Auftragskl\u00e4rung, skizzieren wir, wie der Arbeitsverlauf aussehen kann, vereinbaren eindeutige Arbeitsziele und \u00fcberpr\u00fcfen diese auch immer wieder im Verlauf unserer Arbeit. <\/span><br \/>\n<span style=\"color: #003366;\">Je nach Auftrag kann diese Zusammenarbeit kurzfristig und sehr auf ein einzelnes Ziel fokussiert, oder ein etwas l\u00e4ngerer Prozess sein. <\/span><br \/>\n<span style=\"color: #003366;\">In jedem Fall arbeite ich m\u00f6glichst ressourcenorientiert und nachhaltig wirksam, immer auch mit einer \u00dcberpr\u00fcfbarkeit unseres Erfolges.<\/span><\/p>\n<p><span style=\"color: #003366;\">Details finden Sie \u00fcber den jeweiligen Link.<\/span><\/p>\n","protected":false},"excerpt":{"rendered":"<p>Mein Coachingangebot richtet sich an Privatpersonen f\u00fcr ein Einzelcoaching ebenso, wie an Firmen\/Projekte, die f\u00fcr einzelne MitarbeiterInnen oder f\u00fcr Teams \/ Gruppen ein Coaching haben m\u00f6chten. Nutzen Sie gern auch meine jahrelange Erfahrung als Coach\/Supervisorin f\u00fcr Einzelne und Teams im sozialen, sowie medizinisch-pflegerischen Bereich (Referenzen auf Nachfrage). Nach einem Vorgespr\u00e4ch, in dem wir formale und &hellip; <\/p>\n<p class=\"link-more\"><a href=\"https:\/\/beratung-melching.de\/?page_id=82\" class=\"more-link\"><span class=\"screen-reader-text\">\u201eCoaching \/ Supervision\u201c <\/span>weiterlesen<\/a><\/p>\n","protected":false},"author":1,"featured_media":295,"parent":44,"menu_order":0,"comment_status":"closed","ping_status":"closed","template":"","meta":{"footnotes":""},"_links":{"self":[{"href":"https:\/\/beratung-melching.de\/index.php?rest_route=\/wp\/v2\/pages\/82"}],"collection":[{"href":"https:\/\/beratung-melching.de\/index.php?rest_route=\/wp\/v2\/pages"}],"about":[{"href":"https:\/\/beratung-melching.de\/index.php?rest_route=\/wp\/v2\/types\/page"}],"author":[{"embeddable":true,"href":"https:\/\/beratung-melching.de\/index.php?rest_route=\/wp\/v2\/users\/1"}],"replies":[{"embeddable":true,"href":"https:\/\/beratung-melching.de\/index.php?rest_route=%2Fwp%2Fv2%2Fcomments&post=82"}],"version-history":[{"count":15,"href":"https:\/\/beratung-melching.de\/index.php?rest_route=\/wp\/v2\/pages\/82\/revisions"}],"predecessor-version":[{"id":367,"href":"https:\/\/beratung-melching.de\/index.php?rest_route=\/wp\/v2\/pages\/82\/revisions\/367"}],"up":[{"embeddable":true,"href":"https:\/\/beratung-melching.de\/index.php?rest_route=\/wp\/v2\/pages\/44"}],"wp:featuredmedia":[{"embeddable":true,"href":"https:\/\/beratung-melching.de\/index.php?rest_route=\/wp\/v2\/media\/295"}],"wp:attachment":[{"href":"https:\/\/beratung-melching.de\/index.php?rest_route=%2Fwp%2Fv2%2Fmedia&parent=82"}],"curies":[{"name":"wp","href":"https:\/\/api.w.org\/{rel}","templated":true}]}}